{"id":65,"date":"2025-11-08T18:24:14","date_gmt":"2025-11-08T17:24:14","guid":{"rendered":"https:\/\/www.vorkon.de\/index.php\/impressum\/"},"modified":"2026-01-07T14:50:29","modified_gmt":"2026-01-07T13:50:29","slug":"impressum","status":"publish","type":"page","link":"https:\/\/www.vorkon.de\/index.php\/impressum\/","title":{"rendered":"Impressum"},"content":{"rendered":"<p>Verantwortlich f\u00fcr den Inhalt dieser Webseiten ist:<\/p>\n<p><strong>Nicolaus Millin Verlag GmbH<\/strong><br \/><strong>Gesch\u00e4ftsf\u00fchrer: Nicolaus Millin<\/strong><br \/><strong>Siebengebirgsring 36<\/strong><br \/><strong>D-53797 Lohmar<\/strong><b><br \/><br \/><\/b><strong>Handelsregistereintrag: HRB Siegburg 9135\u00a0 Tel: 02206 \/ 90 92 88<\/strong><br \/><strong>Fax: 02206 \/ 90 92 89<\/strong><br \/><strong>Email: info(at)millin.de<\/strong><\/p>\n<p>Der Inhalt dieser Webseiten darf weder zu privaten noch zu kommerziellen Zwecken kopiert, verbreitet, ver\u00e4ndert oder Dritten zug\u00e4nglich gemacht werden. Wir weisen daraufhin, dass auf den Seiten enthaltene Bilder teilweise dem Urheberrecht Dritter unterliegen.<\/p>\n<p>Diese Webseiten wurden mit gr\u00f6\u00dftm\u00f6glicher Sorgfalt zusammengestellt. Trotzdem kann keine Gew\u00e4hr f\u00fcr die Fehlerfreiheit und Genauigkeit der enthaltenen Informationen \u00fcbernommen werden. Jegliche Haftung f\u00fcr Sch\u00e4den, die direkt oder indirekt aus der Benutzung dieser Seiten entstehen, wird ausgeschlossen, soweit diese nicht auf Vorsatz oder grober Fahrl\u00e4ssigkeit beruhen.<\/p>\n<p>Mit einem Urteil vom 12. Mai 1998 hat das Landgericht Hamburg entschieden, dass man durch die Ver\u00f6ffentlichung eines Links f\u00fcr die Inhalte der verlinkten Seite gegebenenfalls Verantwortung tr\u00e4gt. Dies kann laut Urteil nur verhindert werden, indem man sich von dessen Inhalten ausdr\u00fccklich distanziert. Aus diesem Grund gilt:<\/p>\n<p>F\u00fcr die Inhalte und Gestaltung der von unseren Seiten aus verlinkten Seiten haben wir keinerlei Einfluss. Deshalb distanzieren wir uns ausdr\u00fccklich von den Inhalten aller Seiten, auf die ein Link von einer unserer Seiten zeigt, sei es durch einen Link in einem Text, einem Bild oder an anderer Stelle. Unsere eigenen Seiten liegen ausschlie\u00dflich unter den Dom\u00e4nen vorkon.de, millin.de und millin-verlag.de.<\/p>\n<p>[gzd_complaints]<\/p>\n\n\n<p><\/p>\n","protected":false},"excerpt":{"rendered":"<p>Verantwortlich f\u00fcr den Inhalt dieser Webseiten ist: Nicolaus Millin Verlag GmbHGesch\u00e4ftsf\u00fchrer: Nicolaus MillinSiebengebirgsring 36D-53797 Lohmar Handelsregistereintrag: HRB Siegburg 9135\u00a0 Tel: 02206 \/ 90 92 88Fax: 02206 \/ 90 92 89Email: info(at)millin.de Der Inhalt dieser Webseiten darf weder zu privaten noch zu kommerziellen Zwecken kopiert, verbreitet, ver\u00e4ndert oder Dritten zug\u00e4nglich gemacht werden. Wir weisen daraufhin, dass [&hellip;]<\/p>\n","protected":false},"author":1,"featured_media":0,"parent":0,"menu_order":0,"comment_status":"closed","ping_status":"closed","template":"","meta":{"footnotes":""},"class_list":["post-65","page","type-page","status-publish","hentry"],"_links":{"self":[{"href":"https:\/\/www.vorkon.de\/index.php\/wp-json\/wp\/v2\/pages\/65","targetHints":{"allow":["GET"]}}],"collection":[{"href":"https:\/\/www.vorkon.de\/index.php\/wp-json\/wp\/v2\/pages"}],"about":[{"href":"https:\/\/www.vorkon.de\/index.php\/wp-json\/wp\/v2\/types\/page"}],"author":[{"embeddable":true,"href":"https:\/\/www.vorkon.de\/index.php\/wp-json\/wp\/v2\/users\/1"}],"replies":[{"embeddable":true,"href":"https:\/\/www.vorkon.de\/index.php\/wp-json\/wp\/v2\/comments?post=65"}],"version-history":[{"count":2,"href":"https:\/\/www.vorkon.de\/index.php\/wp-json\/wp\/v2\/pages\/65\/revisions"}],"predecessor-version":[{"id":166,"href":"https:\/\/www.vorkon.de\/index.php\/wp-json\/wp\/v2\/pages\/65\/revisions\/166"}],"wp:attachment":[{"href":"https:\/\/www.vorkon.de\/index.php\/wp-json\/wp\/v2\/media?parent=65"}],"curies":[{"name":"wp","href":"https:\/\/api.w.org\/{rel}","templated":true}]}}